{"id":48,"date":"2025-05-29T17:19:08","date_gmt":"2025-05-29T17:19:08","guid":{"rendered":"https:\/\/chathub.tv\/?page_id=48"},"modified":"2025-05-30T18:01:12","modified_gmt":"2025-05-30T16:01:12","slug":"terms","status":"publish","type":"page","link":"https:\/\/chathub.tv\/tr\/terms\/","title":{"rendered":"\u015eartlar"},"content":{"rendered":"<div data-elementor-type=\"wp-page\" data-elementor-id=\"48\" class=\"elementor elementor-48\" data-elementor-post-type=\"page\">\n\t\t\t\t\t\t<section class=\"elementor-section elementor-top-section elementor-element elementor-element-aa602b1 elementor-section-boxed elementor-section-height-default elementor-section-height-default\" data-id=\"aa602b1\" data-element_type=\"section\" data-e-type=\"section\">\n\t\t\t\t\t\t<div class=\"elementor-container elementor-column-gap-default\">\n\t\t\t\t\t<div class=\"elementor-column elementor-col-100 elementor-top-column elementor-element elementor-element-deb4e48\" data-id=\"deb4e48\" data-element_type=\"column\" data-e-type=\"column\">\n\t\t\t<div class=\"elementor-widget-wrap elementor-element-populated\">\n\t\t\t\t\t\t<div class=\"elementor-element elementor-element-88330ff elementor-widget elementor-widget-heading\" data-id=\"88330ff\" data-element_type=\"widget\" data-e-type=\"widget\" data-widget_type=\"heading.default\">\n\t\t\t\t\t<h1 class=\"elementor-heading-title elementor-size-default\">\u015eartlar<\/h1>\t\t\t\t<\/div>\n\t\t\t\t\t<\/div>\n\t\t<\/div>\n\t\t\t\t\t<\/div>\n\t\t<\/section>\n\t\t\t\t<section class=\"elementor-section elementor-top-section elementor-element elementor-element-e61e2e0 elementor-section-boxed elementor-section-height-default elementor-section-height-default\" data-id=\"e61e2e0\" data-element_type=\"section\" data-e-type=\"section\">\n\t\t\t\t\t\t<div class=\"elementor-container elementor-column-gap-default\">\n\t\t\t\t\t<div class=\"elementor-column elementor-col-100 elementor-top-column elementor-element elementor-element-edbd578\" data-id=\"edbd578\" data-element_type=\"column\" data-e-type=\"column\">\n\t\t\t<div class=\"elementor-widget-wrap elementor-element-populated\">\n\t\t\t\t\t\t<div class=\"elementor-element elementor-element-59fb3ca elementor-widget elementor-widget-text-editor\" data-id=\"59fb3ca\" data-element_type=\"widget\" data-e-type=\"widget\" data-widget_type=\"text-editor.default\">\n\t\t\t\t\t\t\t\t\t<p>Chathub.com'a ho\u015f geldiniz! Bu Hizmet Ko\u015fullar\u0131 (\"Ko\u015fullar\") web sitemize, hizmetlerimize ve uygulamalar\u0131m\u0131za (topluca \"Hizmetler\") eri\u015fiminizi ve bunlar\u0131 kullan\u0131m\u0131n\u0131z\u0131 y\u00f6netir. L\u00fctfen bu \u015eartlar\u0131 dikkatlice okuyunuz. Hizmetlerimize eri\u015ferek veya bunlar\u0131 kullanarak, bu Ko\u015fullara ve Gizlilik Politikam\u0131za ba\u011fl\u0131 kalmay\u0131 kabul edersiniz.<\/p><h3>Uygunluk<\/h3><p>Hizmetlerimize eri\u015fmek ve kullanmak i\u00e7in en az 13 ya\u015f\u0131nda olman\u0131z gerekmektedir. Chathub.com'u kullanarak, ya\u015f \u015fart\u0131n\u0131 kar\u015f\u0131lad\u0131\u011f\u0131n\u0131z\u0131 ve bu \u015eartlara girmek i\u00e7in yasal kapasiteye sahip oldu\u011funuzu beyan ve garanti edersiniz. E\u011fer 13 ya\u015f\u0131n alt\u0131ndaysan\u0131z, Hizmetlerimizi kullanamazs\u0131n\u0131z.<\/p><h3>Kullan\u0131c\u0131 Davran\u0131\u015f\u0131<\/h3><p>Hizmetlerimizi kullan\u0131rken davran\u0131\u015flar\u0131n\u0131zdan yaln\u0131zca siz sorumlusunuz. Davran\u0131\u015f Kurallar\u0131m\u0131z\u0131n yan\u0131 s\u0131ra y\u00fcr\u00fcrl\u00fckteki t\u00fcm yerel, eyalet, ulusal ve uluslararas\u0131 yasa ve y\u00f6netmeliklere uymay\u0131 kabul edersiniz. Bu \u015eartlar\u0131n veya Davran\u0131\u015f Kurallar\u0131m\u0131z\u0131n herhangi bir \u015fekilde ihlal edilmesi, Hizmetlerimize eri\u015fiminizin ask\u0131ya al\u0131nmas\u0131na veya sonland\u0131r\u0131lmas\u0131na neden olabilir.<\/p><h3>Kullan\u0131c\u0131 \u0130\u00e7eri\u011fi<\/h3><p>Chathub.com, kullan\u0131c\u0131lar\u0131n metin, resim veya video gibi i\u00e7erikleri (\"Kullan\u0131c\u0131 \u0130\u00e7eri\u011fi\") g\u00f6ndermesine, yay\u0131nlamas\u0131na veya payla\u015fmas\u0131na izin verebilir. Kullan\u0131c\u0131 \u0130\u00e7eri\u011finizin m\u00fclkiyetini elinizde tutars\u0131n\u0131z ancak bize Kullan\u0131c\u0131 \u0130\u00e7eri\u011finizi Hizmetlerimizle ba\u011flant\u0131l\u0131 olarak kullanmak, \u00e7o\u011faltmak, da\u011f\u0131tmak, t\u00fcrev \u00e7al\u0131\u015fmalar\u0131n\u0131 olu\u015fturmak, g\u00f6r\u00fcnt\u00fclemek ve ger\u00e7ekle\u015ftirmek i\u00e7in d\u00fcnya \u00e7ap\u0131nda, m\u00fcnhas\u0131r olmayan, telifsiz, alt lisanslanabilir ve devredilebilir bir lisans verirsiniz.<\/p><p>Bu lisans\u0131 vermek i\u00e7in gerekli haklara, lisanslara ve izinlere sahip oldu\u011funuzu ve Kullan\u0131c\u0131 \u0130\u00e7eri\u011finizin fikri m\u00fclkiyet haklar\u0131, gizlilik haklar\u0131 veya tan\u0131t\u0131m haklar\u0131 dahil olmak \u00fczere herhangi bir \u00fc\u00e7\u00fcnc\u00fc taraf hakk\u0131n\u0131 ihlal etmedi\u011fini beyan ve garanti edersiniz.<\/p><h3>Fikri M\u00fclkiyet<\/h3><p>Metin, grafik, logo, simge, resim ve yaz\u0131l\u0131m dahil olmak \u00fczere Hizmetlerimizdeki t\u00fcm i\u00e7erik ve materyaller, Chathub.com veya lisans verenlerinin m\u00fclkiyetindedir ve telif hakk\u0131, ticari marka ve di\u011fer fikri m\u00fclkiyet yasalar\u0131yla korunmaktad\u0131r. \u00d6nceden yaz\u0131l\u0131 iznimiz olmadan Hizmetlerimizdeki herhangi bir i\u00e7eri\u011fi veya materyali \u00e7o\u011faltamaz, da\u011f\u0131tamaz, de\u011fi\u015ftiremez, t\u00fcrev \u00e7al\u0131\u015fmalar olu\u015fturamaz, kamuya a\u00e7\u0131k olarak g\u00f6r\u00fcnt\u00fcleyemez veya ticari olarak kullanamazs\u0131n\u0131z.<\/p><h3>Garantilerin Reddi<\/h3><p>Hizmetlerimiz, sat\u0131labilirlik, belirli bir amaca uygunluk ve ihlal etmeme gibi z\u0131mni garantiler dahil ancak bunlarla s\u0131n\u0131rl\u0131 olmamak \u00fczere, a\u00e7\u0131k veya z\u0131mni herhangi bir garanti olmaks\u0131z\u0131n \"oldu\u011fu gibi\" ve \"mevcut oldu\u011fu gibi\" sa\u011flanmaktad\u0131r. Chathub.com, Hizmetlerin hatas\u0131z, kesintisiz, g\u00fcvenli veya vir\u00fcs veya di\u011fer zararl\u0131 bile\u015fenlerden ar\u0131nm\u0131\u015f olaca\u011f\u0131n\u0131 garanti etmez.<\/p><h3>Sorumlulu\u011fun S\u0131n\u0131rland\u0131r\u0131lmas\u0131<\/h3><p>Hi\u00e7bir durumda Chathub.com veya ba\u011fl\u0131 kurulu\u015flar\u0131, y\u00f6neticileri, memurlar\u0131, \u00e7al\u0131\u015fanlar\u0131 veya acenteleri, Hizmetlerimize eri\u015fiminizden veya Hizmetlerimizi kullan\u0131m\u0131n\u0131zdan kaynaklanan veya bunlarla ba\u011flant\u0131l\u0131 olarak ortaya \u00e7\u0131kan kar, veri veya iyi niyet kayb\u0131 dahil ancak bunlarla s\u0131n\u0131rl\u0131 olmamak \u00fczere do\u011frudan, dolayl\u0131, ar\u0131zi, \u00f6zel, sonu\u00e7 olarak ortaya \u00e7\u0131kan veya cezai zararlardan sorumlu olmayacakt\u0131r. bu t\u00fcr zararlar\u0131n olas\u0131l\u0131\u011f\u0131 konusunda bilgilendirilmi\u015f olsa bile.<\/p><h3>Tazminat<\/h3><p>Chathub.com'u ve ba\u011fl\u0131 kurulu\u015flar\u0131n\u0131, y\u00f6neticilerini, memurlar\u0131n\u0131, \u00e7al\u0131\u015fanlar\u0131n\u0131 ve acentelerini, Hizmetlerimize eri\u015fiminizden veya Hizmetlerimizi kullan\u0131m\u0131n\u0131zdan veya bu Ko\u015fullar\u0131 ihlal etmenizden kaynaklanan veya bunlarla ba\u011flant\u0131l\u0131 olarak ortaya \u00e7\u0131kan makul avukatl\u0131k \u00fccretleri de dahil olmak \u00fczere her t\u00fcrl\u00fc talep, y\u00fck\u00fcml\u00fcl\u00fck, hasar, kay\u0131p veya masraftan tazmin etmeyi, savunmay\u0131 ve zarars\u0131z tutmay\u0131 kabul edersiniz.<\/p><h3>Fesih<\/h3><p>Tamamen kendi takdirimize ba\u011fl\u0131 olarak, bu Ko\u015fullar\u0131 veya Davran\u0131\u015f Kurallar\u0131m\u0131z\u0131 ihlal etmeniz dahil ancak bunlarla s\u0131n\u0131rl\u0131 olmamak \u00fczere herhangi bir nedenle Hizmetlerimize eri\u015fiminizi herhangi bir zamanda, bildirimde bulunarak veya bulunmadan ask\u0131ya alma veya sonland\u0131rma hakk\u0131m\u0131z\u0131 sakl\u0131 tutar\u0131z.<\/p><h3>Bu Ko\u015fullarda Yap\u0131lan De\u011fi\u015fiklikler<\/h3><p>Bu Ko\u015fullar\u0131 tamamen kendi takdirimize ba\u011fl\u0131 olarak istedi\u011fimiz zaman g\u00fcncelleyebilir veya de\u011fi\u015ftirebiliriz. Herhangi bir de\u011fi\u015fikli\u011fi yay\u0131nlayarak sizi bilgilendirece\u011fiz<\/p><p>son g\u00fcncelleme tarihiyle birlikte platformumuzdaki g\u00fcncellenmi\u015f \u015eartlar. Bu \u015eartlarda yap\u0131lan herhangi bir de\u011fi\u015fiklikten sonra Hizmetlerimizi kullanmaya devam etmeniz, g\u00fcncellenmi\u015f \u015eartlar\u0131 kabul etti\u011finiz anlam\u0131na gelir.<\/p><h3>Ge\u00e7erli Hukuk ve Yarg\u0131 Yetkisi<\/h3><p>Bu Ko\u015fullar ve bu Ko\u015fullardan veya Hizmetlerimizi kullan\u0131m\u0131n\u0131zdan kaynaklanan veya bunlarla ba\u011flant\u0131l\u0131 olarak ortaya \u00e7\u0131kan t\u00fcm anla\u015fmazl\u0131klar G\u00fcney Afrika yasalar\u0131na tabi olacak ve bu yasalara g\u00f6re yorumlanacakt\u0131r. Bu Ko\u015fullardan veya Hizmetlerimizi kullan\u0131m\u0131n\u0131zdan kaynaklanan veya bunlarla ba\u011flant\u0131l\u0131 olarak ortaya \u00e7\u0131kan her t\u00fcrl\u00fc anla\u015fmazl\u0131\u011f\u0131n \u00e7\u00f6z\u00fcm\u00fc i\u00e7in G\u00fcney Afrika mahkemelerinin m\u00fcnhas\u0131r yarg\u0131 yetkisine tabi olmay\u0131 kabul edersiniz.<\/p><h3>B\u00f6l\u00fcnebilirlik<\/h3><p>Bu Ko\u015fullar\u0131n herhangi bir h\u00fckm\u00fcn\u00fcn yetkili bir mahkeme taraf\u0131ndan ge\u00e7ersiz veya uygulanamaz bulunmas\u0131 halinde, bu Ko\u015fullar\u0131n geri kalan h\u00fck\u00fcmleri tam olarak y\u00fcr\u00fcrl\u00fckte kalacakt\u0131r.<\/p><h3>Feragatname<\/h3><p>Bu \u015eartlar\u0131n herhangi bir h\u00fckm\u00fcnden feragat edilmesi, s\u00f6z konusu h\u00fck\u00fcmden veya ba\u015fka bir h\u00fck\u00fcmden daha fazla veya s\u00fcrekli feragat edildi\u011fi anlam\u0131na gelmez ve bu \u015eartlar kapsam\u0131ndaki herhangi bir hak veya h\u00fckm\u00fc ileri s\u00fcrmememiz, s\u00f6z konusu hak veya h\u00fck\u00fcmden feragat edildi\u011fi anlam\u0131na gelmez.<\/p><h3>Bize Ula\u015f\u0131n<\/h3><p>Bu \u015eartlar hakk\u0131nda herhangi bir sorunuz veya endi\u015feniz varsa, l\u00fctfen ileti\u015fim sayfam\u0131z arac\u0131l\u0131\u011f\u0131yla bizimle ileti\u015fime ge\u00e7in.<\/p>\t\t\t\t\t\t\t\t<\/div>\n\t\t\t\t\t<\/div>\n\t\t<\/div>\n\t\t\t\t\t<\/div>\n\t\t<\/section>\n\t\t\t\t<\/div>","protected":false},"excerpt":{"rendered":"<p>Terms Welcome to Chathub.com! These Terms of Service (&#8220;Terms&#8221;) govern your access to and use of our website, services, and applications (collectively, the &#8220;Services&#8221;). Please read these Terms carefully. By accessing or using our Services, you agree to be bound by these Terms and our Privacy Policy. Eligibility To access and use our Services, you [&hellip;]<\/p>\n","protected":false},"author":1,"featured_media":0,"parent":0,"menu_order":0,"comment_status":"closed","ping_status":"closed","template":"elementor_header_footer","meta":{"footnotes":""},"class_list":["post-48","page","type-page","status-publish","hentry"],"yoast_head":"<!-- This site is optimized with the Yoast SEO plugin v27.4 - https:\/\/yoast.com\/product\/yoast-seo-wordpress\/ -->\n<title>Terms - Chathub<\/title>\n<meta name=\"robots\" content=\"index, follow, max-snippet:-1, max-image-preview:large, max-video-preview:-1\" \/>\n<link rel=\"canonical\" href=\"https:\/\/chathub.tv\/tr\/terms\/\" \/>\n<meta property=\"og:locale\" content=\"tr_TR\" \/>\n<meta property=\"og:type\" content=\"article\" \/>\n<meta property=\"og:title\" content=\"Terms - Chathub\" \/>\n<meta property=\"og:description\" content=\"Terms Welcome to Chathub.com! These Terms of Service (&#8220;Terms&#8221;) govern your access to and use of our website, services, and applications (collectively, the &#8220;Services&#8221;). Please read these Terms carefully. By accessing or using our Services, you agree to be bound by these Terms and our Privacy Policy. Eligibility To access and use our Services, you [&hellip;]\" \/>\n<meta property=\"og:url\" content=\"https:\/\/chathub.tv\/tr\/terms\/\" \/>\n<meta property=\"og:site_name\" content=\"Chathub\" \/>\n<meta property=\"article:modified_time\" content=\"2025-05-30T16:01:12+00:00\" \/>\n<meta property=\"og:image\" content=\"https:\/\/chathub.tv\/wp-content\/uploads\/2026\/03\/chathub-icon.png\" \/>\n\t<meta property=\"og:image:width\" content=\"291\" \/>\n\t<meta property=\"og:image:height\" content=\"291\" \/>\n\t<meta property=\"og:image:type\" content=\"image\/png\" \/>\n<meta name=\"twitter:card\" content=\"summary_large_image\" \/>\n<meta name=\"twitter:label1\" content=\"Tahmini okuma s\u00fcresi\" \/>\n\t<meta name=\"twitter:data1\" content=\"4 dakika\" \/>\n<script type=\"application\/ld+json\" class=\"yoast-schema-graph\">{\"@context\":\"https:\\\/\\\/schema.org\",\"@graph\":[{\"@type\":\"WebPage\",\"@id\":\"https:\\\/\\\/chathub.tv\\\/terms\\\/\",\"url\":\"https:\\\/\\\/chathub.tv\\\/terms\\\/\",\"name\":\"Terms - Chathub\",\"isPartOf\":{\"@id\":\"https:\\\/\\\/chathub.tv\\\/#website\"},\"datePublished\":\"2025-05-29T17:19:08+00:00\",\"dateModified\":\"2025-05-30T16:01:12+00:00\",\"breadcrumb\":{\"@id\":\"https:\\\/\\\/chathub.tv\\\/terms\\\/#breadcrumb\"},\"inLanguage\":\"tr\",\"potentialAction\":[{\"@type\":\"ReadAction\",\"target\":[\"https:\\\/\\\/chathub.tv\\\/terms\\\/\"]}]},{\"@type\":\"BreadcrumbList\",\"@id\":\"https:\\\/\\\/chathub.tv\\\/terms\\\/#breadcrumb\",\"itemListElement\":[{\"@type\":\"ListItem\",\"position\":1,\"name\":\"Home\",\"item\":\"https:\\\/\\\/chathub.tv\\\/\"},{\"@type\":\"ListItem\",\"position\":2,\"name\":\"Terms\"}]},{\"@type\":\"WebSite\",\"@id\":\"https:\\\/\\\/chathub.tv\\\/#website\",\"url\":\"https:\\\/\\\/chathub.tv\\\/\",\"name\":\"ChatHub\",\"description\":\"\",\"publisher\":{\"@id\":\"https:\\\/\\\/chathub.tv\\\/#organization\"},\"alternateName\":\"ChatHub.tv\",\"potentialAction\":[{\"@type\":\"SearchAction\",\"target\":{\"@type\":\"EntryPoint\",\"urlTemplate\":\"https:\\\/\\\/chathub.tv\\\/?s={search_term_string}\"},\"query-input\":{\"@type\":\"PropertyValueSpecification\",\"valueRequired\":true,\"valueName\":\"search_term_string\"}}],\"inLanguage\":\"tr\"},{\"@type\":\"Organization\",\"@id\":\"https:\\\/\\\/chathub.tv\\\/#organization\",\"name\":\"ChatHub\",\"alternateName\":\"ChatHub.tv\",\"url\":\"https:\\\/\\\/chathub.tv\\\/\",\"logo\":{\"@type\":\"ImageObject\",\"inLanguage\":\"tr\",\"@id\":\"https:\\\/\\\/chathub.tv\\\/#\\\/schema\\\/logo\\\/image\\\/\",\"url\":\"https:\\\/\\\/chathub.tv\\\/wp-content\\\/uploads\\\/2026\\\/03\\\/chathub-icon.png\",\"contentUrl\":\"https:\\\/\\\/chathub.tv\\\/wp-content\\\/uploads\\\/2026\\\/03\\\/chathub-icon.png\",\"width\":291,\"height\":291,\"caption\":\"ChatHub\"},\"image\":{\"@id\":\"https:\\\/\\\/chathub.tv\\\/#\\\/schema\\\/logo\\\/image\\\/\"}}]}<\/script>\n<!-- \/ Yoast SEO plugin. -->","yoast_head_json":{"title":"\u015eartlar - Chathub","robots":{"index":"index","follow":"follow","max-snippet":"max-snippet:-1","max-image-preview":"max-image-preview:large","max-video-preview":"max-video-preview:-1"},"canonical":"https:\/\/chathub.tv\/tr\/terms\/","og_locale":"tr_TR","og_type":"article","og_title":"Terms - Chathub","og_description":"Terms Welcome to Chathub.com! These Terms of Service (&#8220;Terms&#8221;) govern your access to and use of our website, services, and applications (collectively, the &#8220;Services&#8221;). Please read these Terms carefully. By accessing or using our Services, you agree to be bound by these Terms and our Privacy Policy. Eligibility To access and use our Services, you [&hellip;]","og_url":"https:\/\/chathub.tv\/tr\/terms\/","og_site_name":"Chathub","article_modified_time":"2025-05-30T16:01:12+00:00","og_image":[{"width":291,"height":291,"url":"https:\/\/chathub.tv\/wp-content\/uploads\/2026\/03\/chathub-icon.png","type":"image\/png"}],"twitter_card":"summary_large_image","twitter_misc":{"Tahmini okuma s\u00fcresi":"4 dakika"},"schema":{"@context":"https:\/\/schema.org","@graph":[{"@type":"WebPage","@id":"https:\/\/chathub.tv\/terms\/","url":"https:\/\/chathub.tv\/terms\/","name":"\u015eartlar - Chathub","isPartOf":{"@id":"https:\/\/chathub.tv\/#website"},"datePublished":"2025-05-29T17:19:08+00:00","dateModified":"2025-05-30T16:01:12+00:00","breadcrumb":{"@id":"https:\/\/chathub.tv\/terms\/#breadcrumb"},"inLanguage":"tr","potentialAction":[{"@type":"ReadAction","target":["https:\/\/chathub.tv\/terms\/"]}]},{"@type":"BreadcrumbList","@id":"https:\/\/chathub.tv\/terms\/#breadcrumb","itemListElement":[{"@type":"ListItem","position":1,"name":"Home","item":"https:\/\/chathub.tv\/"},{"@type":"ListItem","position":2,"name":"Terms"}]},{"@type":"WebSite","@id":"https:\/\/chathub.tv\/#website","url":"https:\/\/chathub.tv\/","name":"ChatHub","description":"","publisher":{"@id":"https:\/\/chathub.tv\/#organization"},"alternateName":"ChatHub.tv","potentialAction":[{"@type":"SearchAction","target":{"@type":"EntryPoint","urlTemplate":"https:\/\/chathub.tv\/?s={search_term_string}"},"query-input":{"@type":"PropertyValueSpecification","valueRequired":true,"valueName":"search_term_string"}}],"inLanguage":"tr"},{"@type":"Organization","@id":"https:\/\/chathub.tv\/#organization","name":"ChatHub","alternateName":"ChatHub.tv","url":"https:\/\/chathub.tv\/","logo":{"@type":"ImageObject","inLanguage":"tr","@id":"https:\/\/chathub.tv\/#\/schema\/logo\/image\/","url":"https:\/\/chathub.tv\/wp-content\/uploads\/2026\/03\/chathub-icon.png","contentUrl":"https:\/\/chathub.tv\/wp-content\/uploads\/2026\/03\/chathub-icon.png","width":291,"height":291,"caption":"ChatHub"},"image":{"@id":"https:\/\/chathub.tv\/#\/schema\/logo\/image\/"}}]}},"_links":{"self":[{"href":"https:\/\/chathub.tv\/tr\/wp-json\/wp\/v2\/pages\/48","targetHints":{"allow":["GET"]}}],"collection":[{"href":"https:\/\/chathub.tv\/tr\/wp-json\/wp\/v2\/pages"}],"about":[{"href":"https:\/\/chathub.tv\/tr\/wp-json\/wp\/v2\/types\/page"}],"author":[{"embeddable":true,"href":"https:\/\/chathub.tv\/tr\/wp-json\/wp\/v2\/users\/1"}],"replies":[{"embeddable":true,"href":"https:\/\/chathub.tv\/tr\/wp-json\/wp\/v2\/comments?post=48"}],"version-history":[{"count":10,"href":"https:\/\/chathub.tv\/tr\/wp-json\/wp\/v2\/pages\/48\/revisions"}],"predecessor-version":[{"id":2207,"href":"https:\/\/chathub.tv\/tr\/wp-json\/wp\/v2\/pages\/48\/revisions\/2207"}],"wp:attachment":[{"href":"https:\/\/chathub.tv\/tr\/wp-json\/wp\/v2\/media?parent=48"}],"curies":[{"name":"wp","href":"https:\/\/api.w.org\/{rel}","templated":true}]}}