{"id":51,"date":"2025-05-29T19:16:22","date_gmt":"2025-05-29T19:16:22","guid":{"rendered":"https:\/\/chathub.tv\/?page_id=51"},"modified":"2025-05-30T18:01:12","modified_gmt":"2025-05-30T16:01:12","slug":"rules","status":"publish","type":"page","link":"https:\/\/chathub.tv\/pt\/rules\/","title":{"rendered":"Regras"},"content":{"rendered":"<div data-elementor-type=\"wp-page\" data-elementor-id=\"51\" class=\"elementor elementor-51\" data-elementor-post-type=\"page\">\n\t\t\t\t\t\t<section class=\"elementor-section elementor-top-section elementor-element elementor-element-aa602b1 elementor-section-boxed elementor-section-height-default elementor-section-height-default\" data-id=\"aa602b1\" data-element_type=\"section\" data-e-type=\"section\">\n\t\t\t\t\t\t<div class=\"elementor-container elementor-column-gap-default\">\n\t\t\t\t\t<div class=\"elementor-column elementor-col-100 elementor-top-column elementor-element elementor-element-deb4e48\" data-id=\"deb4e48\" data-element_type=\"column\" data-e-type=\"column\">\n\t\t\t<div class=\"elementor-widget-wrap elementor-element-populated\">\n\t\t\t\t\t\t<div class=\"elementor-element elementor-element-88330ff elementor-widget elementor-widget-heading\" data-id=\"88330ff\" data-element_type=\"widget\" data-e-type=\"widget\" data-widget_type=\"heading.default\">\n\t\t\t\t\t<h1 class=\"elementor-heading-title elementor-size-default\">Regras<\/h1>\t\t\t\t<\/div>\n\t\t\t\t\t<\/div>\n\t\t<\/div>\n\t\t\t\t\t<\/div>\n\t\t<\/section>\n\t\t\t\t<section class=\"elementor-section elementor-top-section elementor-element elementor-element-e61e2e0 elementor-section-boxed elementor-section-height-default elementor-section-height-default\" data-id=\"e61e2e0\" data-element_type=\"section\" data-e-type=\"section\">\n\t\t\t\t\t\t<div class=\"elementor-container elementor-column-gap-default\">\n\t\t\t\t\t<div class=\"elementor-column elementor-col-100 elementor-top-column elementor-element elementor-element-edbd578\" data-id=\"edbd578\" data-element_type=\"column\" data-e-type=\"column\">\n\t\t\t<div class=\"elementor-widget-wrap elementor-element-populated\">\n\t\t\t\t\t\t<div class=\"elementor-element elementor-element-59fb3ca elementor-widget__width-initial elementor-widget elementor-widget-text-editor\" data-id=\"59fb3ca\" data-element_type=\"widget\" data-e-type=\"widget\" data-widget_type=\"text-editor.default\">\n\t\t\t\t\t\t\t\t\t<p>Bem-vindo ao Chathub.com! Nossa plataforma foi projetada para criar um ambiente seguro e agrad\u00e1vel para os usu\u00e1rios participarem de bate-papos por v\u00eddeo aleat\u00f3rios com pessoas de todo o mundo. Para garantir uma experi\u00eancia positiva para todos os usu\u00e1rios, estabelecemos um conjunto de regras que definem o comportamento e a conduta aceit\u00e1veis em nossa plataforma. Ao acessar e usar o Chathub.com, voc\u00ea concorda em obedecer a essas regras.<\/p><h3>Seja respeitoso e educado<\/h3><p>Trate todos os usu\u00e1rios com respeito e cortesia, da mesma forma que gostaria de ser tratado. Envolva-se em conversas amig\u00e1veis e significativas e evite usar linguagem ofensiva, fazer amea\u00e7as ou envolver-se em ass\u00e9dio ou bullying.<\/p><h3>Sem conte\u00fado inapropriado<\/h3><p>O compartilhamento de conte\u00fado expl\u00edcito, ofensivo ou inadequado \u00e9 estritamente proibido no Chathub.com. Isso inclui, mas n\u00e3o se limita a, nudez, imagens ou v\u00eddeos expl\u00edcitos, viol\u00eancia gr\u00e1fica ou discurso de \u00f3dio. Os usu\u00e1rios que compartilharem esse tipo de conte\u00fado ser\u00e3o banidos da plataforma.<\/p><h3>Proteja sua privacidade<\/h3><p>Para sua seguran\u00e7a, n\u00e3o compartilhe informa\u00e7\u00f5es pessoais confidenciais, como seu nome completo, endere\u00e7o, n\u00famero de telefone ou detalhes financeiros, com outros usu\u00e1rios. Seja cauteloso ao discutir assuntos pessoais e lembre-se de que nem todos na plataforma podem ter seus melhores interesses em mente.<\/p><h3>Sem spam ou publicidade<\/h3><p>A promo\u00e7\u00e3o de produtos, servi\u00e7os ou sites e o compartilhamento de spam ou mensagens n\u00e3o solicitadas n\u00e3o s\u00e3o permitidos no Chathub.com. Os usu\u00e1rios que se envolverem em tais atividades ser\u00e3o banidos da plataforma.<\/p><h3>Sem personifica\u00e7\u00e3o<\/h3><p>\u00c9 estritamente proibido fazer-se passar por outra pessoa, seja um usu\u00e1rio ou um membro da equipe do Chathub.com. Os usu\u00e1rios que se fizerem passar por outros ser\u00e3o banidos da plataforma.<\/p><h3>Restri\u00e7\u00f5es de idade<\/h3><p>O Chathub.com \u00e9 destinado a usu\u00e1rios com 13 anos ou mais. Usu\u00e1rios com menos de 13 anos de idade n\u00e3o s\u00e3o permitidos na plataforma. Se voc\u00ea encontrar um usu\u00e1rio que pare\u00e7a ser menor de idade, denuncie-o aos nossos moderadores.<\/p><h3>Denunciar m\u00e1 conduta<\/h3><p>Se encontrar algum usu\u00e1rio violando essas regras ou se envolvendo em comportamento inadequado, denuncie-o imediatamente aos nossos moderadores. Suas den\u00fancias nos ajudam a manter um ambiente seguro e agrad\u00e1vel para todos os usu\u00e1rios.<\/p><p>As viola\u00e7\u00f5es dessas regras podem resultar em advert\u00eancias, banimentos tempor\u00e1rios ou permanentes ou outras a\u00e7\u00f5es a crit\u00e9rio dos moderadores e da equipe do Chathub.com. Reservamo-nos o direito de atualizar ou modificar essas regras a qualquer momento para manter a seguran\u00e7a e a integridade de nossa plataforma. Seu uso continuado do Chathub.com constitui sua aceita\u00e7\u00e3o de quaisquer altera\u00e7\u00f5es a essas regras.<\/p><p>Obrigado por fazer parte da comunidade do Chathub.com e por fazer sua parte para torn\u00e1-lo um espa\u00e7o seguro e agrad\u00e1vel para todos!<\/p>\t\t\t\t\t\t\t\t<\/div>\n\t\t\t\t\t<\/div>\n\t\t<\/div>\n\t\t\t\t\t<\/div>\n\t\t<\/section>\n\t\t\t\t<\/div>","protected":false},"excerpt":{"rendered":"<p>Rules Welcome to Chathub.com! Our platform is designed to create a safe and enjoyable environment for users to engage in random video chats with people from around the world. To ensure a positive experience for all users, we have established a set of rules that outline acceptable behavior and conduct on our platform. By accessing [&hellip;]<\/p>\n","protected":false},"author":1,"featured_media":0,"parent":0,"menu_order":0,"comment_status":"closed","ping_status":"closed","template":"elementor_header_footer","meta":{"footnotes":""},"class_list":["post-51","page","type-page","status-publish","hentry"],"yoast_head":"<!-- This site is optimized with the Yoast SEO plugin v27.4 - https:\/\/yoast.com\/product\/yoast-seo-wordpress\/ -->\n<title>Rules - Chathub<\/title>\n<meta name=\"robots\" content=\"index, follow, max-snippet:-1, max-image-preview:large, max-video-preview:-1\" \/>\n<link rel=\"canonical\" href=\"https:\/\/chathub.tv\/pt\/rules\/\" \/>\n<meta property=\"og:locale\" content=\"pt_BR\" \/>\n<meta property=\"og:type\" content=\"article\" \/>\n<meta property=\"og:title\" content=\"Rules - Chathub\" \/>\n<meta property=\"og:description\" content=\"Rules Welcome to Chathub.com! Our platform is designed to create a safe and enjoyable environment for users to engage in random video chats with people from around the world. To ensure a positive experience for all users, we have established a set of rules that outline acceptable behavior and conduct on our platform. By accessing [&hellip;]\" \/>\n<meta property=\"og:url\" content=\"https:\/\/chathub.tv\/pt\/rules\/\" \/>\n<meta property=\"og:site_name\" content=\"Chathub\" \/>\n<meta property=\"article:modified_time\" content=\"2025-05-30T16:01:12+00:00\" \/>\n<meta property=\"og:image\" content=\"https:\/\/chathub.tv\/wp-content\/uploads\/2026\/03\/chathub-icon.png\" \/>\n\t<meta property=\"og:image:width\" content=\"291\" \/>\n\t<meta property=\"og:image:height\" content=\"291\" \/>\n\t<meta property=\"og:image:type\" content=\"image\/png\" \/>\n<meta name=\"twitter:card\" content=\"summary_large_image\" \/>\n<meta name=\"twitter:label1\" content=\"Est. tempo de leitura\" \/>\n\t<meta name=\"twitter:data1\" content=\"2 minutos\" \/>\n<script type=\"application\/ld+json\" class=\"yoast-schema-graph\">{\"@context\":\"https:\\\/\\\/schema.org\",\"@graph\":[{\"@type\":\"WebPage\",\"@id\":\"https:\\\/\\\/chathub.tv\\\/rules\\\/\",\"url\":\"https:\\\/\\\/chathub.tv\\\/rules\\\/\",\"name\":\"Rules - Chathub\",\"isPartOf\":{\"@id\":\"https:\\\/\\\/chathub.tv\\\/#website\"},\"datePublished\":\"2025-05-29T19:16:22+00:00\",\"dateModified\":\"2025-05-30T16:01:12+00:00\",\"breadcrumb\":{\"@id\":\"https:\\\/\\\/chathub.tv\\\/rules\\\/#breadcrumb\"},\"inLanguage\":\"pt-BR\",\"potentialAction\":[{\"@type\":\"ReadAction\",\"target\":[\"https:\\\/\\\/chathub.tv\\\/rules\\\/\"]}]},{\"@type\":\"BreadcrumbList\",\"@id\":\"https:\\\/\\\/chathub.tv\\\/rules\\\/#breadcrumb\",\"itemListElement\":[{\"@type\":\"ListItem\",\"position\":1,\"name\":\"Home\",\"item\":\"https:\\\/\\\/chathub.tv\\\/\"},{\"@type\":\"ListItem\",\"position\":2,\"name\":\"Rules\"}]},{\"@type\":\"WebSite\",\"@id\":\"https:\\\/\\\/chathub.tv\\\/#website\",\"url\":\"https:\\\/\\\/chathub.tv\\\/\",\"name\":\"ChatHub\",\"description\":\"\",\"publisher\":{\"@id\":\"https:\\\/\\\/chathub.tv\\\/#organization\"},\"alternateName\":\"ChatHub.tv\",\"potentialAction\":[{\"@type\":\"SearchAction\",\"target\":{\"@type\":\"EntryPoint\",\"urlTemplate\":\"https:\\\/\\\/chathub.tv\\\/?s={search_term_string}\"},\"query-input\":{\"@type\":\"PropertyValueSpecification\",\"valueRequired\":true,\"valueName\":\"search_term_string\"}}],\"inLanguage\":\"pt-BR\"},{\"@type\":\"Organization\",\"@id\":\"https:\\\/\\\/chathub.tv\\\/#organization\",\"name\":\"ChatHub\",\"alternateName\":\"ChatHub.tv\",\"url\":\"https:\\\/\\\/chathub.tv\\\/\",\"logo\":{\"@type\":\"ImageObject\",\"inLanguage\":\"pt-BR\",\"@id\":\"https:\\\/\\\/chathub.tv\\\/#\\\/schema\\\/logo\\\/image\\\/\",\"url\":\"https:\\\/\\\/chathub.tv\\\/wp-content\\\/uploads\\\/2026\\\/03\\\/chathub-icon.png\",\"contentUrl\":\"https:\\\/\\\/chathub.tv\\\/wp-content\\\/uploads\\\/2026\\\/03\\\/chathub-icon.png\",\"width\":291,\"height\":291,\"caption\":\"ChatHub\"},\"image\":{\"@id\":\"https:\\\/\\\/chathub.tv\\\/#\\\/schema\\\/logo\\\/image\\\/\"}}]}<\/script>\n<!-- \/ Yoast SEO plugin. -->","yoast_head_json":{"title":"Regras - Chathub","robots":{"index":"index","follow":"follow","max-snippet":"max-snippet:-1","max-image-preview":"max-image-preview:large","max-video-preview":"max-video-preview:-1"},"canonical":"https:\/\/chathub.tv\/pt\/rules\/","og_locale":"pt_BR","og_type":"article","og_title":"Rules - Chathub","og_description":"Rules Welcome to Chathub.com! Our platform is designed to create a safe and enjoyable environment for users to engage in random video chats with people from around the world. To ensure a positive experience for all users, we have established a set of rules that outline acceptable behavior and conduct on our platform. By accessing [&hellip;]","og_url":"https:\/\/chathub.tv\/pt\/rules\/","og_site_name":"Chathub","article_modified_time":"2025-05-30T16:01:12+00:00","og_image":[{"width":291,"height":291,"url":"https:\/\/chathub.tv\/wp-content\/uploads\/2026\/03\/chathub-icon.png","type":"image\/png"}],"twitter_card":"summary_large_image","twitter_misc":{"Est. tempo de leitura":"2 minutos"},"schema":{"@context":"https:\/\/schema.org","@graph":[{"@type":"WebPage","@id":"https:\/\/chathub.tv\/rules\/","url":"https:\/\/chathub.tv\/rules\/","name":"Regras - Chathub","isPartOf":{"@id":"https:\/\/chathub.tv\/#website"},"datePublished":"2025-05-29T19:16:22+00:00","dateModified":"2025-05-30T16:01:12+00:00","breadcrumb":{"@id":"https:\/\/chathub.tv\/rules\/#breadcrumb"},"inLanguage":"pt-BR","potentialAction":[{"@type":"ReadAction","target":["https:\/\/chathub.tv\/rules\/"]}]},{"@type":"BreadcrumbList","@id":"https:\/\/chathub.tv\/rules\/#breadcrumb","itemListElement":[{"@type":"ListItem","position":1,"name":"Home","item":"https:\/\/chathub.tv\/"},{"@type":"ListItem","position":2,"name":"Rules"}]},{"@type":"WebSite","@id":"https:\/\/chathub.tv\/#website","url":"https:\/\/chathub.tv\/","name":"ChatHub","description":"","publisher":{"@id":"https:\/\/chathub.tv\/#organization"},"alternateName":"ChatHub.tv","potentialAction":[{"@type":"SearchAction","target":{"@type":"EntryPoint","urlTemplate":"https:\/\/chathub.tv\/?s={search_term_string}"},"query-input":{"@type":"PropertyValueSpecification","valueRequired":true,"valueName":"search_term_string"}}],"inLanguage":"pt-BR"},{"@type":"Organization","@id":"https:\/\/chathub.tv\/#organization","name":"ChatHub","alternateName":"ChatHub.tv","url":"https:\/\/chathub.tv\/","logo":{"@type":"ImageObject","inLanguage":"pt-BR","@id":"https:\/\/chathub.tv\/#\/schema\/logo\/image\/","url":"https:\/\/chathub.tv\/wp-content\/uploads\/2026\/03\/chathub-icon.png","contentUrl":"https:\/\/chathub.tv\/wp-content\/uploads\/2026\/03\/chathub-icon.png","width":291,"height":291,"caption":"ChatHub"},"image":{"@id":"https:\/\/chathub.tv\/#\/schema\/logo\/image\/"}}]}},"_links":{"self":[{"href":"https:\/\/chathub.tv\/pt\/wp-json\/wp\/v2\/pages\/51","targetHints":{"allow":["GET"]}}],"collection":[{"href":"https:\/\/chathub.tv\/pt\/wp-json\/wp\/v2\/pages"}],"about":[{"href":"https:\/\/chathub.tv\/pt\/wp-json\/wp\/v2\/types\/page"}],"author":[{"embeddable":true,"href":"https:\/\/chathub.tv\/pt\/wp-json\/wp\/v2\/users\/1"}],"replies":[{"embeddable":true,"href":"https:\/\/chathub.tv\/pt\/wp-json\/wp\/v2\/comments?post=51"}],"version-history":[{"count":10,"href":"https:\/\/chathub.tv\/pt\/wp-json\/wp\/v2\/pages\/51\/revisions"}],"predecessor-version":[{"id":2213,"href":"https:\/\/chathub.tv\/pt\/wp-json\/wp\/v2\/pages\/51\/revisions\/2213"}],"wp:attachment":[{"href":"https:\/\/chathub.tv\/pt\/wp-json\/wp\/v2\/media?parent=51"}],"curies":[{"name":"wp","href":"https:\/\/api.w.org\/{rel}","templated":true}]}}