{"id":51,"date":"2025-05-29T19:16:22","date_gmt":"2025-05-29T19:16:22","guid":{"rendered":"https:\/\/chathub.tv\/?page_id=51"},"modified":"2025-05-30T18:01:12","modified_gmt":"2025-05-30T16:01:12","slug":"rules","status":"publish","type":"page","link":"https:\/\/chathub.tv\/es\/rules\/","title":{"rendered":"Reglas"},"content":{"rendered":"<div data-elementor-type=\"wp-page\" data-elementor-id=\"51\" class=\"elementor elementor-51\" data-elementor-post-type=\"page\">\n\t\t\t\t\t\t<section class=\"elementor-section elementor-top-section elementor-element elementor-element-aa602b1 elementor-section-boxed elementor-section-height-default elementor-section-height-default\" data-id=\"aa602b1\" data-element_type=\"section\" data-e-type=\"section\">\n\t\t\t\t\t\t<div class=\"elementor-container elementor-column-gap-default\">\n\t\t\t\t\t<div class=\"elementor-column elementor-col-100 elementor-top-column elementor-element elementor-element-deb4e48\" data-id=\"deb4e48\" data-element_type=\"column\" data-e-type=\"column\">\n\t\t\t<div class=\"elementor-widget-wrap elementor-element-populated\">\n\t\t\t\t\t\t<div class=\"elementor-element elementor-element-88330ff elementor-widget elementor-widget-heading\" data-id=\"88330ff\" data-element_type=\"widget\" data-e-type=\"widget\" data-widget_type=\"heading.default\">\n\t\t\t\t\t<h1 class=\"elementor-heading-title elementor-size-default\">Reglas<\/h1>\t\t\t\t<\/div>\n\t\t\t\t\t<\/div>\n\t\t<\/div>\n\t\t\t\t\t<\/div>\n\t\t<\/section>\n\t\t\t\t<section class=\"elementor-section elementor-top-section elementor-element elementor-element-e61e2e0 elementor-section-boxed elementor-section-height-default elementor-section-height-default\" data-id=\"e61e2e0\" data-element_type=\"section\" data-e-type=\"section\">\n\t\t\t\t\t\t<div class=\"elementor-container elementor-column-gap-default\">\n\t\t\t\t\t<div class=\"elementor-column elementor-col-100 elementor-top-column elementor-element elementor-element-edbd578\" data-id=\"edbd578\" data-element_type=\"column\" data-e-type=\"column\">\n\t\t\t<div class=\"elementor-widget-wrap elementor-element-populated\">\n\t\t\t\t\t\t<div class=\"elementor-element elementor-element-59fb3ca elementor-widget__width-initial elementor-widget elementor-widget-text-editor\" data-id=\"59fb3ca\" data-element_type=\"widget\" data-e-type=\"widget\" data-widget_type=\"text-editor.default\">\n\t\t\t\t\t\t\t\t\t<p>\u00a1Bienvenido a Chathub.com! Nuestra plataforma est\u00e1 dise\u00f1ada para crear un entorno seguro y agradable para que los usuarios participen en videochats aleatorios con personas de todo el mundo. Para garantizar una experiencia positiva a todos los usuarios, hemos establecido una serie de normas que describen el comportamiento y la conducta aceptables en nuestra plataforma. Al acceder y utilizar Chathub.com, acepta cumplir estas normas.<\/p><h3>Sea respetuoso y educado<\/h3><p>Trata a todos los usuarios con respeto y cortes\u00eda, como te gustar\u00eda que te trataran a ti. Entabla conversaciones amistosas y significativas, y abstente de utilizar lenguaje ofensivo, proferir amenazas o participar en actos de acoso o intimidaci\u00f3n.<\/p><h3>Ning\u00fan contenido inapropiado<\/h3><p>Compartir contenido expl\u00edcito, ofensivo o inapropiado est\u00e1 estrictamente prohibido en Chathub.com. Esto incluye, entre otros, desnudos, im\u00e1genes o v\u00eddeos expl\u00edcitos, violencia gr\u00e1fica o incitaci\u00f3n al odio. Los usuarios que compartan este tipo de contenidos ser\u00e1n expulsados de la plataforma.<\/p><h3>Proteja su intimidad<\/h3><p>Por tu seguridad, no compartas con otros usuarios informaci\u00f3n personal delicada, como tu nombre completo, direcci\u00f3n, n\u00famero de tel\u00e9fono o datos financieros. S\u00e9 prudente cuando hables de asuntos personales y recuerda que no todo el mundo en la plataforma puede tener tus mejores intereses en mente.<\/p><h3>Sin spam ni publicidad<\/h3><p>En Chathub.com no est\u00e1 permitido promocionar productos, servicios o sitios web ni compartir spam o mensajes no solicitados. Los usuarios que realicen este tipo de actividades ser\u00e1n expulsados de la plataforma.<\/p><h3>No suplantaci\u00f3n<\/h3><p>Est\u00e1 estrictamente prohibido hacerse pasar por otra persona, ya sea un usuario o un miembro del personal de Chathub.com. Los usuarios que suplanten la identidad de otros ser\u00e1n expulsados de la plataforma.<\/p><h3>Restricciones de edad<\/h3><p>Chathub.com est\u00e1 destinado a usuarios mayores de 13 a\u00f1os. Los usuarios menores de 13 a\u00f1os no est\u00e1n permitidos en la plataforma. Si te encuentras con un usuario que parece ser menor de edad, por favor rep\u00f3rtalo a nuestros moderadores.<\/p><h3>Denunciar una falta<\/h3><p>Si encuentras a alg\u00fan usuario que infrinja estas normas o tenga un comportamiento inapropiado, por favor, rep\u00f3rtalo inmediatamente a nuestros moderadores. Tus denuncias nos ayudan a mantener un entorno seguro y agradable para todos los usuarios.<\/p><p>Las infracciones de estas normas pueden dar lugar a advertencias, bloqueos temporales o permanentes u otras acciones a discreci\u00f3n de los moderadores y el personal de Chathub.com. Nos reservamos el derecho de actualizar o modificar estas normas en cualquier momento para mantener la seguridad e integridad de nuestra plataforma. El uso continuado de Chathub.com implica la aceptaci\u00f3n de cualquier modificaci\u00f3n de estas normas.<\/p><p>Gracias por formar parte de la comunidad de Chathub.com y por poner de tu parte para que sea un espacio seguro y agradable para todos.<\/p>\t\t\t\t\t\t\t\t<\/div>\n\t\t\t\t\t<\/div>\n\t\t<\/div>\n\t\t\t\t\t<\/div>\n\t\t<\/section>\n\t\t\t\t<\/div>","protected":false},"excerpt":{"rendered":"<p>Rules Welcome to Chathub.com! Our platform is designed to create a safe and enjoyable environment for users to engage in random video chats with people from around the world. To ensure a positive experience for all users, we have established a set of rules that outline acceptable behavior and conduct on our platform. By accessing [&hellip;]<\/p>\n","protected":false},"author":1,"featured_media":0,"parent":0,"menu_order":0,"comment_status":"closed","ping_status":"closed","template":"elementor_header_footer","meta":{"footnotes":""},"class_list":["post-51","page","type-page","status-publish","hentry"],"yoast_head":"<!-- This site is optimized with the Yoast SEO plugin v27.3 - https:\/\/yoast.com\/product\/yoast-seo-wordpress\/ -->\n<title>Rules - Chathub<\/title>\n<meta name=\"robots\" content=\"index, follow, max-snippet:-1, max-image-preview:large, max-video-preview:-1\" \/>\n<link rel=\"canonical\" href=\"https:\/\/chathub.tv\/es\/rules\/\" \/>\n<meta property=\"og:locale\" content=\"es_ES\" \/>\n<meta property=\"og:type\" content=\"article\" \/>\n<meta property=\"og:title\" content=\"Rules - Chathub\" \/>\n<meta property=\"og:description\" content=\"Rules Welcome to Chathub.com! Our platform is designed to create a safe and enjoyable environment for users to engage in random video chats with people from around the world. To ensure a positive experience for all users, we have established a set of rules that outline acceptable behavior and conduct on our platform. By accessing [&hellip;]\" \/>\n<meta property=\"og:url\" content=\"https:\/\/chathub.tv\/es\/rules\/\" \/>\n<meta property=\"og:site_name\" content=\"Chathub\" \/>\n<meta property=\"article:modified_time\" content=\"2025-05-30T16:01:12+00:00\" \/>\n<meta property=\"og:image\" content=\"https:\/\/chathub.tv\/wp-content\/uploads\/2026\/03\/chathub-icon.png\" \/>\n\t<meta property=\"og:image:width\" content=\"291\" \/>\n\t<meta property=\"og:image:height\" content=\"291\" \/>\n\t<meta property=\"og:image:type\" content=\"image\/png\" \/>\n<meta name=\"twitter:card\" content=\"summary_large_image\" \/>\n<meta name=\"twitter:label1\" content=\"Tiempo de lectura\" \/>\n\t<meta name=\"twitter:data1\" content=\"2 minutos\" \/>\n<script type=\"application\/ld+json\" class=\"yoast-schema-graph\">{\"@context\":\"https:\\\/\\\/schema.org\",\"@graph\":[{\"@type\":\"WebPage\",\"@id\":\"https:\\\/\\\/chathub.tv\\\/rules\\\/\",\"url\":\"https:\\\/\\\/chathub.tv\\\/rules\\\/\",\"name\":\"Rules - Chathub\",\"isPartOf\":{\"@id\":\"https:\\\/\\\/chathub.tv\\\/#website\"},\"datePublished\":\"2025-05-29T19:16:22+00:00\",\"dateModified\":\"2025-05-30T16:01:12+00:00\",\"breadcrumb\":{\"@id\":\"https:\\\/\\\/chathub.tv\\\/rules\\\/#breadcrumb\"},\"inLanguage\":\"es\",\"potentialAction\":[{\"@type\":\"ReadAction\",\"target\":[\"https:\\\/\\\/chathub.tv\\\/rules\\\/\"]}]},{\"@type\":\"BreadcrumbList\",\"@id\":\"https:\\\/\\\/chathub.tv\\\/rules\\\/#breadcrumb\",\"itemListElement\":[{\"@type\":\"ListItem\",\"position\":1,\"name\":\"Home\",\"item\":\"https:\\\/\\\/chathub.tv\\\/\"},{\"@type\":\"ListItem\",\"position\":2,\"name\":\"Rules\"}]},{\"@type\":\"WebSite\",\"@id\":\"https:\\\/\\\/chathub.tv\\\/#website\",\"url\":\"https:\\\/\\\/chathub.tv\\\/\",\"name\":\"ChatHub\",\"description\":\"\",\"publisher\":{\"@id\":\"https:\\\/\\\/chathub.tv\\\/#organization\"},\"alternateName\":\"ChatHub.tv\",\"potentialAction\":[{\"@type\":\"SearchAction\",\"target\":{\"@type\":\"EntryPoint\",\"urlTemplate\":\"https:\\\/\\\/chathub.tv\\\/?s={search_term_string}\"},\"query-input\":{\"@type\":\"PropertyValueSpecification\",\"valueRequired\":true,\"valueName\":\"search_term_string\"}}],\"inLanguage\":\"es\"},{\"@type\":\"Organization\",\"@id\":\"https:\\\/\\\/chathub.tv\\\/#organization\",\"name\":\"ChatHub\",\"alternateName\":\"ChatHub.tv\",\"url\":\"https:\\\/\\\/chathub.tv\\\/\",\"logo\":{\"@type\":\"ImageObject\",\"inLanguage\":\"es\",\"@id\":\"https:\\\/\\\/chathub.tv\\\/#\\\/schema\\\/logo\\\/image\\\/\",\"url\":\"https:\\\/\\\/chathub.tv\\\/wp-content\\\/uploads\\\/2026\\\/03\\\/chathub-icon.png\",\"contentUrl\":\"https:\\\/\\\/chathub.tv\\\/wp-content\\\/uploads\\\/2026\\\/03\\\/chathub-icon.png\",\"width\":291,\"height\":291,\"caption\":\"ChatHub\"},\"image\":{\"@id\":\"https:\\\/\\\/chathub.tv\\\/#\\\/schema\\\/logo\\\/image\\\/\"}}]}<\/script>\n<!-- \/ Yoast SEO plugin. -->","yoast_head_json":{"title":"Normas - Chathub","robots":{"index":"index","follow":"follow","max-snippet":"max-snippet:-1","max-image-preview":"max-image-preview:large","max-video-preview":"max-video-preview:-1"},"canonical":"https:\/\/chathub.tv\/es\/rules\/","og_locale":"es_ES","og_type":"article","og_title":"Rules - Chathub","og_description":"Rules Welcome to Chathub.com! Our platform is designed to create a safe and enjoyable environment for users to engage in random video chats with people from around the world. To ensure a positive experience for all users, we have established a set of rules that outline acceptable behavior and conduct on our platform. By accessing [&hellip;]","og_url":"https:\/\/chathub.tv\/es\/rules\/","og_site_name":"Chathub","article_modified_time":"2025-05-30T16:01:12+00:00","og_image":[{"width":291,"height":291,"url":"https:\/\/chathub.tv\/wp-content\/uploads\/2026\/03\/chathub-icon.png","type":"image\/png"}],"twitter_card":"summary_large_image","twitter_misc":{"Tiempo de lectura":"2 minutos"},"schema":{"@context":"https:\/\/schema.org","@graph":[{"@type":"WebPage","@id":"https:\/\/chathub.tv\/rules\/","url":"https:\/\/chathub.tv\/rules\/","name":"Normas - Chathub","isPartOf":{"@id":"https:\/\/chathub.tv\/#website"},"datePublished":"2025-05-29T19:16:22+00:00","dateModified":"2025-05-30T16:01:12+00:00","breadcrumb":{"@id":"https:\/\/chathub.tv\/rules\/#breadcrumb"},"inLanguage":"es","potentialAction":[{"@type":"ReadAction","target":["https:\/\/chathub.tv\/rules\/"]}]},{"@type":"BreadcrumbList","@id":"https:\/\/chathub.tv\/rules\/#breadcrumb","itemListElement":[{"@type":"ListItem","position":1,"name":"Home","item":"https:\/\/chathub.tv\/"},{"@type":"ListItem","position":2,"name":"Rules"}]},{"@type":"WebSite","@id":"https:\/\/chathub.tv\/#website","url":"https:\/\/chathub.tv\/","name":"ChatHub","description":"","publisher":{"@id":"https:\/\/chathub.tv\/#organization"},"alternateName":"ChatHub.tv","potentialAction":[{"@type":"SearchAction","target":{"@type":"EntryPoint","urlTemplate":"https:\/\/chathub.tv\/?s={search_term_string}"},"query-input":{"@type":"PropertyValueSpecification","valueRequired":true,"valueName":"search_term_string"}}],"inLanguage":"es"},{"@type":"Organization","@id":"https:\/\/chathub.tv\/#organization","name":"ChatHub","alternateName":"ChatHub.tv","url":"https:\/\/chathub.tv\/","logo":{"@type":"ImageObject","inLanguage":"es","@id":"https:\/\/chathub.tv\/#\/schema\/logo\/image\/","url":"https:\/\/chathub.tv\/wp-content\/uploads\/2026\/03\/chathub-icon.png","contentUrl":"https:\/\/chathub.tv\/wp-content\/uploads\/2026\/03\/chathub-icon.png","width":291,"height":291,"caption":"ChatHub"},"image":{"@id":"https:\/\/chathub.tv\/#\/schema\/logo\/image\/"}}]}},"_links":{"self":[{"href":"https:\/\/chathub.tv\/es\/wp-json\/wp\/v2\/pages\/51","targetHints":{"allow":["GET"]}}],"collection":[{"href":"https:\/\/chathub.tv\/es\/wp-json\/wp\/v2\/pages"}],"about":[{"href":"https:\/\/chathub.tv\/es\/wp-json\/wp\/v2\/types\/page"}],"author":[{"embeddable":true,"href":"https:\/\/chathub.tv\/es\/wp-json\/wp\/v2\/users\/1"}],"replies":[{"embeddable":true,"href":"https:\/\/chathub.tv\/es\/wp-json\/wp\/v2\/comments?post=51"}],"version-history":[{"count":10,"href":"https:\/\/chathub.tv\/es\/wp-json\/wp\/v2\/pages\/51\/revisions"}],"predecessor-version":[{"id":2213,"href":"https:\/\/chathub.tv\/es\/wp-json\/wp\/v2\/pages\/51\/revisions\/2213"}],"wp:attachment":[{"href":"https:\/\/chathub.tv\/es\/wp-json\/wp\/v2\/media?parent=51"}],"curies":[{"name":"wp","href":"https:\/\/api.w.org\/{rel}","templated":true}]}}